{"id":331,"date":"2023-01-25T08:44:14","date_gmt":"2023-01-24T23:44:14","guid":{"rendered":"https:\/\/office-hirata.net\/hakajimai\/?page_id=331"},"modified":"2023-09-19T14:23:58","modified_gmt":"2023-09-19T05:23:58","slug":"%e3%81%8a%e5%95%8f%e5%90%88%e3%82%8f%e3%81%9b","status":"publish","type":"page","link":"https:\/\/office-hirata.net\/hakajimai\/%e3%81%8a%e5%95%8f%e5%90%88%e3%82%8f%e3%81%9b\/","title":{"rendered":"\u304a\u554f\u5408\u308f\u305b\u30d5\u30a9\u30fc\u30e0"},"content":{"rendered":"\n<div class=\"wp-block-buttons is-content-justification-center is-layout-flex wp-container-core-buttons-is-layout-a89b3969 wp-block-buttons-is-layout-flex\">\n<div class=\"wp-block-button\"><a class=\"wp-block-button__link has-luminous-vivid-orange-background-color has-background wp-element-button\">\u304a\u554f\u5408\u305b\u30d5\u30a9\u30fc\u30e0<\/a><\/div>\n<\/div>\n\n\n\n<div class=\"wp-block-contact-form-7-contact-form-selector\">\n<div class=\"wpcf7 no-js\" id=\"wpcf7-f350-o1\" lang=\"ja\" dir=\"ltr\" data-wpcf7-id=\"350\">\n<div class=\"screen-reader-response\"><p role=\"status\" aria-live=\"polite\" aria-atomic=\"true\"><\/p> <ul><\/ul><\/div>\n<script type=\"text\/javascript\" charset=\"UTF-8\" src=\"https:\/\/zipaddr.github.io\/zipaddrx.js?v=1.42\"><\/script><script defer src=\"data:text\/javascript;base64,ZnVuY3Rpb24gemlwYWRkcl9vd25iKCl7WlAuZGxpPSctJztaUC53cD0nMSc7WlAudXZlcj0nMjMyMzQuODgxOTYuMzI2MjAnO1pQLnN5c2lkPSdDb250YWN0Rm9ybTcnO30=\"><\/script><script type=\"text\/javascript\" charset=\"UTF-8\" src=\"https:\/\/zipaddr.github.io\/contactform7.js\"><\/script><form action=\"\/hakajimai\/wp-json\/wp\/v2\/pages\/331#wpcf7-f350-o1\" method=\"post\" class=\"wpcf7-form init\" aria-label=\"\u30b3\u30f3\u30bf\u30af\u30c8\u30d5\u30a9\u30fc\u30e0\" novalidate=\"novalidate\" data-status=\"init\">\n<fieldset class=\"hidden-fields-container\"><input type=\"hidden\" name=\"_wpcf7\" value=\"350\" \/><input type=\"hidden\" name=\"_wpcf7_version\" value=\"6.1.5\" \/><input type=\"hidden\" name=\"_wpcf7_locale\" value=\"ja\" \/><input type=\"hidden\" name=\"_wpcf7_unit_tag\" value=\"wpcf7-f350-o1\" \/><input type=\"hidden\" name=\"_wpcf7_container_post\" value=\"0\" \/><input type=\"hidden\" name=\"_wpcf7_posted_data_hash\" value=\"\" \/>\n<\/fieldset>\n<table class=\"CF7_table\">\n\t<tr>\n\t\t<th>\n\t\t\t<p><span class=\"CF7_req\">\u5fc5\u9808<\/span> \u3054\u76f8\u8ac7\u5185\u5bb9\n\t\t\t<\/p>\n\t\t<\/th>\n\t\t<td>\n\t\t\t<p><span class=\"wpcf7-form-control-wrap\" data-name=\"checkbox-inq\"><span class=\"wpcf7-form-control wpcf7-checkbox wpcf7-validates-as-required\"><span class=\"wpcf7-list-item first\"><input type=\"checkbox\" name=\"checkbox-inq[]\" value=\"\u3054\u76f8\u8ac7\" \/><span class=\"wpcf7-list-item-label\">\u3054\u76f8\u8ac7<\/span><\/span><span class=\"wpcf7-list-item\"><input type=\"checkbox\" name=\"checkbox-inq[]\" value=\"\u304a\u554f\u3044\u5408\u308f\u305b\" \/><span class=\"wpcf7-list-item-label\">\u304a\u554f\u3044\u5408\u308f\u305b<\/span><\/span><span class=\"wpcf7-list-item last\"><input type=\"checkbox\" name=\"checkbox-inq[]\" value=\"\u305d\u306e\u4ed6\" \/><span class=\"wpcf7-list-item-label\">\u305d\u306e\u4ed6<\/span><\/span><\/span><\/span>\n\t\t\t<\/p>\n\t\t<\/td>\n\t<\/tr>\n\t<tr>\n\t\t<th>\n\t\t\t<p><span class=\"CF7_req\">\u5fc5\u9808<\/span> \u304a\u540d\u524d\n\t\t\t<\/p>\n\t\t<\/th>\n\t\t<td>\n\t\t\t<p><span class=\"wpcf7-form-control-wrap\" data-name=\"your-name\"><input size=\"40\" maxlength=\"400\" class=\"wpcf7-form-control wpcf7-text wpcf7-validates-as-required\" aria-required=\"true\" aria-invalid=\"false\" placeholder=\"\u4f8b\uff1a\u3042\u306a\u305f\u306e\u304a\u540d\u524d\" value=\"\" type=\"text\" name=\"your-name\" \/><\/span>\n\t\t\t<\/p>\n\t\t<\/td>\n\t<\/tr>\n\t<tr>\n\t\t<th>\n\t\t\t<p><span class=\"CF7_req\">\u5fc5\u9808<\/span> \u30e1\u30fc\u30eb\u30a2\u30c9\u30ec\u30b9\n\t\t\t<\/p>\n\t\t<\/th>\n\t\t<td>\n\t\t\t<p><span class=\"wpcf7-form-control-wrap\" data-name=\"your-email\"><input size=\"40\" maxlength=\"400\" class=\"wpcf7-form-control wpcf7-email wpcf7-validates-as-required wpcf7-text wpcf7-validates-as-email\" aria-required=\"true\" aria-invalid=\"false\" placeholder=\"\u4f8b\uff1a\u00d7\u00d7\u00d7@\u00d7\u00d7\u00d7.com\" value=\"\" type=\"email\" name=\"your-email\" \/><\/span>\n\t\t\t<\/p>\n\t\t<\/td>\n\t<\/tr>\n\t<tr>\n\t\t<th>\n\t\t\t<p><span class=\"CF7_unreq\">\u4efb\u610f<\/span>\u4f1a\u793e\u540d\n\t\t\t<\/p>\n\t\t<\/th>\n\t\t<td>\n\t\t\t<p><span class=\"wpcf7-form-control-wrap\" data-name=\"your-company\"><input size=\"40\" maxlength=\"400\" class=\"wpcf7-form-control wpcf7-text\" aria-invalid=\"false\" placeholder=\"\u4f8b\uff1a\u25ef\u25ef\u682a\u5f0f\u4f1a\u793e\" value=\"\" type=\"text\" name=\"your-company\" \/><\/span>\n\t\t\t<\/p>\n\t\t<\/td>\n\t<\/tr>\n\t<tr>\n\t\t<th>\n\t\t\t<p><span class=\"CF7_req\">\u5fc5\u9808<\/span>\u90f5\u4fbf\u756a\u53f7\n\t\t\t<\/p>\n\t\t<\/th>\n\t\t<td>\n\t\t\t<p><span class=\"wpcf7-form-control-wrap\" data-name=\"zip\"><input size=\"40\" maxlength=\"400\" class=\"wpcf7-form-control wpcf7-text wpcf7-validates-as-required\" id=\"zip\" aria-required=\"true\" aria-invalid=\"false\" placeholder=\"\u4f8b\uff1a123-4567\" value=\"\" type=\"text\" name=\"zip\" \/><\/span>\n\t\t\t<\/p>\n\t\t<\/td>\n\t<\/tr>\n\t<tr>\n\t\t<th>\n\t\t\t<p><span class=\"CF7_req\">\u5fc5\u9808<\/span>\u90fd\u9053\u5e9c\u770c\n\t\t\t<\/p>\n\t\t<\/th>\n\t\t<td>\n\t\t\t<p><span class=\"wpcf7-form-control-wrap\" data-name=\"pref\"><input size=\"40\" maxlength=\"400\" class=\"wpcf7-form-control wpcf7-text wpcf7-validates-as-required\" id=\"pref\" aria-required=\"true\" aria-invalid=\"false\" placeholder=\"\u4f8b\uff1a\u6771\u4eac\u90fd\" value=\"\" type=\"text\" name=\"pref\" \/><\/span>\n\t\t\t<\/p>\n\t\t<\/td>\n\t<\/tr>\n\t<tr>\n\t\t<th>\n\t\t\t<p><span class=\"CF7_req\">\u5fc5\u9808<\/span>\u3054\u4f4f\u6240\n\t\t\t<\/p>\n\t\t<\/th>\n\t\t<td class=\"address-100\">\n\t\t\t<p><span class=\"wpcf7-form-control-wrap\" data-name=\"addr\"><input size=\"40\" maxlength=\"400\" class=\"wpcf7-form-control wpcf7-text wpcf7-validates-as-required\" id=\"addr\" aria-required=\"true\" aria-invalid=\"false\" placeholder=\"\u4f8b\uff1a\u4e2d\u592e\u533a\u9280\u5ea7\uff11\uff12\uff13\uff14\uff15\" value=\"\" type=\"text\" name=\"addr\" \/><\/span>\n\t\t\t<\/p>\n\t\t<\/td>\n\t<\/tr>\n\t<tr>\n\t\t<th>\n\t\t\t<p><span class=\"CF7_req\">\u5fc5\u9808<\/span>\u304a\u96fb\u8a71\u756a\u53f7\n\t\t\t<\/p>\n\t\t<\/th>\n\t\t<td>\n\t\t\t<p><span class=\"wpcf7-form-control-wrap\" data-name=\"your-tel\"><input size=\"40\" maxlength=\"400\" class=\"wpcf7-form-control wpcf7-text wpcf7-validates-as-required\" aria-required=\"true\" aria-invalid=\"false\" placeholder=\"\u4f8b\uff1a03-1234-5678\" value=\"\" type=\"text\" name=\"your-tel\" \/><\/span>\n\t\t\t<\/p>\n\t\t<\/td>\n\t<\/tr>\n\t<tr>\n\t\t<th>\n\t\t\t<p><span class=\"CF7_req\">\u5fc5\u9808<\/span>\u30e1\u30c3\u30bb\u30fc\u30b8\u672c\u6587\n\t\t\t<\/p>\n\t\t<\/th>\n\t\t<td class=\"message-100\">\n\t\t\t<p><span class=\"wpcf7-form-control-wrap\" data-name=\"your-message\"><textarea cols=\"40\" rows=\"10\" maxlength=\"2000\" class=\"wpcf7-form-control wpcf7-textarea wpcf7-validates-as-required\" aria-required=\"true\" aria-invalid=\"false\" placeholder=\"\u304a\u554f\u3044\u5408\u308f\u305b\u5185\u5bb9\u3092\u3054\u8a18\u5165\u304f\u3060\u3055\u3044\" name=\"your-message\"><\/textarea><\/span>\n\t\t\t<\/p>\n\t\t<\/td>\n\t<\/tr>\n<\/table>\n<p class=\"CF7_btn\"><input class=\"wpcf7-form-control wpcf7-submit has-spinner\" type=\"submit\" value=\"\u9001\u4fe1\u3059\u308b\" \/>\n<\/p><div class=\"wpcf7-response-output\" aria-hidden=\"true\"><\/div>\n<\/form>\n<\/div>\n<\/div>\n","protected":false},"excerpt":{"rendered":"","protected":false},"author":1,"featured_media":0,"parent":0,"menu_order":0,"comment_status":"closed","ping_status":"closed","template":"","meta":{"_monsterinsights_skip_tracking":false,"_monsterinsights_sitenote_active":false,"_monsterinsights_sitenote_note":"","_monsterinsights_sitenote_category":0,"footnotes":""},"class_list":["post-331","page","type-page","status-publish"],"yoast_head":"<!-- This site is optimized with the Yoast SEO plugin v27.3 - https:\/\/yoast.com\/product\/yoast-seo-wordpress\/ -->\n<title>\u304a\u554f\u5408\u308f\u305b\u30d5\u30a9\u30fc\u30e0 - \u5893\u3058\u307e\u3044\u3000\u3042\u3093\u3057\u3093\u76f8\u8ac7\u30bb\u30f3\u30bf\u30fc<\/title>\n<meta name=\"robots\" content=\"index, follow, max-snippet:-1, max-image-preview:large, max-video-preview:-1\" \/>\n<link rel=\"canonical\" href=\"https:\/\/office-hirata.net\/hakajimai\/\u304a\u554f\u5408\u308f\u305b\/\" \/>\n<meta property=\"og:locale\" content=\"ja_JP\" \/>\n<meta property=\"og:type\" content=\"article\" \/>\n<meta property=\"og:title\" content=\"\u304a\u554f\u5408\u308f\u305b\u30d5\u30a9\u30fc\u30e0 - \u5893\u3058\u307e\u3044\u3000\u3042\u3093\u3057\u3093\u76f8\u8ac7\u30bb\u30f3\u30bf\u30fc\" \/>\n<meta property=\"og:url\" content=\"https:\/\/office-hirata.net\/hakajimai\/\u304a\u554f\u5408\u308f\u305b\/\" \/>\n<meta property=\"og:site_name\" content=\"\u5893\u3058\u307e\u3044\u3000\u3042\u3093\u3057\u3093\u76f8\u8ac7\u30bb\u30f3\u30bf\u30fc\" \/>\n<meta property=\"article:publisher\" content=\"https:\/\/www.facebook.com\/profile.php?id=100013330364728\" \/>\n<meta property=\"article:modified_time\" content=\"2023-09-19T05:23:58+00:00\" \/>\n<meta name=\"twitter:card\" content=\"summary_large_image\" \/>\n<meta name=\"twitter:label1\" content=\"\u63a8\u5b9a\u8aad\u307f\u53d6\u308a\u6642\u9593\" \/>\n\t<meta name=\"twitter:data1\" content=\"1\u5206\" \/>\n<script type=\"application\/ld+json\" class=\"yoast-schema-graph\">{\"@context\":\"https:\\\/\\\/schema.org\",\"@graph\":[{\"@type\":\"WebPage\",\"@id\":\"https:\\\/\\\/office-hirata.net\\\/hakajimai\\\/%e3%81%8a%e5%95%8f%e5%90%88%e3%82%8f%e3%81%9b\\\/\",\"url\":\"https:\\\/\\\/office-hirata.net\\\/hakajimai\\\/%e3%81%8a%e5%95%8f%e5%90%88%e3%82%8f%e3%81%9b\\\/\",\"name\":\"\u304a\u554f\u5408\u308f\u305b\u30d5\u30a9\u30fc\u30e0 - \u5893\u3058\u307e\u3044\u3000\u3042\u3093\u3057\u3093\u76f8\u8ac7\u30bb\u30f3\u30bf\u30fc\",\"isPartOf\":{\"@id\":\"https:\\\/\\\/office-hirata.net\\\/hakajimai\\\/#website\"},\"datePublished\":\"2023-01-24T23:44:14+00:00\",\"dateModified\":\"2023-09-19T05:23:58+00:00\",\"breadcrumb\":{\"@id\":\"https:\\\/\\\/office-hirata.net\\\/hakajimai\\\/%e3%81%8a%e5%95%8f%e5%90%88%e3%82%8f%e3%81%9b\\\/#breadcrumb\"},\"inLanguage\":\"ja\",\"potentialAction\":[{\"@type\":\"ReadAction\",\"target\":[\"https:\\\/\\\/office-hirata.net\\\/hakajimai\\\/%e3%81%8a%e5%95%8f%e5%90%88%e3%82%8f%e3%81%9b\\\/\"]}]},{\"@type\":\"BreadcrumbList\",\"@id\":\"https:\\\/\\\/office-hirata.net\\\/hakajimai\\\/%e3%81%8a%e5%95%8f%e5%90%88%e3%82%8f%e3%81%9b\\\/#breadcrumb\",\"itemListElement\":[{\"@type\":\"ListItem\",\"position\":1,\"name\":\"\u30db\u30fc\u30e0\",\"item\":\"https:\\\/\\\/office-hirata.net\\\/hakajimai\\\/\"},{\"@type\":\"ListItem\",\"position\":2,\"name\":\"\u304a\u554f\u5408\u308f\u305b\u30d5\u30a9\u30fc\u30e0\"}]},{\"@type\":\"WebSite\",\"@id\":\"https:\\\/\\\/office-hirata.net\\\/hakajimai\\\/#website\",\"url\":\"https:\\\/\\\/office-hirata.net\\\/hakajimai\\\/\",\"name\":\"\u5893\u3058\u307e\u3044 \u5b89\u5fc3\u76f8\u8ac7\u30bb\u30f3\u30bf\u30fc\",\"description\":\"\u884c\u653f\u66f8\u58eb\u306b\u3088\u308b\u5b89\u5fc3\u306a\u5893\u3058\u307e\u3044\",\"publisher\":{\"@id\":\"https:\\\/\\\/office-hirata.net\\\/hakajimai\\\/#organization\"},\"potentialAction\":[{\"@type\":\"SearchAction\",\"target\":{\"@type\":\"EntryPoint\",\"urlTemplate\":\"https:\\\/\\\/office-hirata.net\\\/hakajimai\\\/?s={search_term_string}\"},\"query-input\":{\"@type\":\"PropertyValueSpecification\",\"valueRequired\":true,\"valueName\":\"search_term_string\"}}],\"inLanguage\":\"ja\"},{\"@type\":\"Organization\",\"@id\":\"https:\\\/\\\/office-hirata.net\\\/hakajimai\\\/#organization\",\"name\":\"\u5893\u3058\u307e\u3044\u3000\u5b89\u5fc3\u76f8\u8ac7\u30bb\u30f3\u30bf\u30fc\",\"url\":\"https:\\\/\\\/office-hirata.net\\\/hakajimai\\\/\",\"logo\":{\"@type\":\"ImageObject\",\"inLanguage\":\"ja\",\"@id\":\"https:\\\/\\\/office-hirata.net\\\/hakajimai\\\/#\\\/schema\\\/logo\\\/image\\\/\",\"url\":\"https:\\\/\\\/office-hirata.net\\\/hakajimai\\\/wp-content\\\/uploads\\\/2023\\\/01\\\/logo.png\",\"contentUrl\":\"https:\\\/\\\/office-hirata.net\\\/hakajimai\\\/wp-content\\\/uploads\\\/2023\\\/01\\\/logo.png\",\"width\":291,\"height\":48,\"caption\":\"\u5893\u3058\u307e\u3044\u3000\u5b89\u5fc3\u76f8\u8ac7\u30bb\u30f3\u30bf\u30fc\"},\"image\":{\"@id\":\"https:\\\/\\\/office-hirata.net\\\/hakajimai\\\/#\\\/schema\\\/logo\\\/image\\\/\"},\"sameAs\":[\"https:\\\/\\\/www.facebook.com\\\/profile.php?id=100013330364728\"]}]}<\/script>\n<!-- \/ Yoast SEO plugin. -->","yoast_head_json":{"title":"\u304a\u554f\u5408\u308f\u305b\u30d5\u30a9\u30fc\u30e0 - \u5893\u3058\u307e\u3044\u3000\u3042\u3093\u3057\u3093\u76f8\u8ac7\u30bb\u30f3\u30bf\u30fc","robots":{"index":"index","follow":"follow","max-snippet":"max-snippet:-1","max-image-preview":"max-image-preview:large","max-video-preview":"max-video-preview:-1"},"canonical":"https:\/\/office-hirata.net\/hakajimai\/\u304a\u554f\u5408\u308f\u305b\/","og_locale":"ja_JP","og_type":"article","og_title":"\u304a\u554f\u5408\u308f\u305b\u30d5\u30a9\u30fc\u30e0 - \u5893\u3058\u307e\u3044\u3000\u3042\u3093\u3057\u3093\u76f8\u8ac7\u30bb\u30f3\u30bf\u30fc","og_url":"https:\/\/office-hirata.net\/hakajimai\/\u304a\u554f\u5408\u308f\u305b\/","og_site_name":"\u5893\u3058\u307e\u3044\u3000\u3042\u3093\u3057\u3093\u76f8\u8ac7\u30bb\u30f3\u30bf\u30fc","article_publisher":"https:\/\/www.facebook.com\/profile.php?id=100013330364728","article_modified_time":"2023-09-19T05:23:58+00:00","twitter_card":"summary_large_image","twitter_misc":{"\u63a8\u5b9a\u8aad\u307f\u53d6\u308a\u6642\u9593":"1\u5206"},"schema":{"@context":"https:\/\/schema.org","@graph":[{"@type":"WebPage","@id":"https:\/\/office-hirata.net\/hakajimai\/%e3%81%8a%e5%95%8f%e5%90%88%e3%82%8f%e3%81%9b\/","url":"https:\/\/office-hirata.net\/hakajimai\/%e3%81%8a%e5%95%8f%e5%90%88%e3%82%8f%e3%81%9b\/","name":"\u304a\u554f\u5408\u308f\u305b\u30d5\u30a9\u30fc\u30e0 - \u5893\u3058\u307e\u3044\u3000\u3042\u3093\u3057\u3093\u76f8\u8ac7\u30bb\u30f3\u30bf\u30fc","isPartOf":{"@id":"https:\/\/office-hirata.net\/hakajimai\/#website"},"datePublished":"2023-01-24T23:44:14+00:00","dateModified":"2023-09-19T05:23:58+00:00","breadcrumb":{"@id":"https:\/\/office-hirata.net\/hakajimai\/%e3%81%8a%e5%95%8f%e5%90%88%e3%82%8f%e3%81%9b\/#breadcrumb"},"inLanguage":"ja","potentialAction":[{"@type":"ReadAction","target":["https:\/\/office-hirata.net\/hakajimai\/%e3%81%8a%e5%95%8f%e5%90%88%e3%82%8f%e3%81%9b\/"]}]},{"@type":"BreadcrumbList","@id":"https:\/\/office-hirata.net\/hakajimai\/%e3%81%8a%e5%95%8f%e5%90%88%e3%82%8f%e3%81%9b\/#breadcrumb","itemListElement":[{"@type":"ListItem","position":1,"name":"\u30db\u30fc\u30e0","item":"https:\/\/office-hirata.net\/hakajimai\/"},{"@type":"ListItem","position":2,"name":"\u304a\u554f\u5408\u308f\u305b\u30d5\u30a9\u30fc\u30e0"}]},{"@type":"WebSite","@id":"https:\/\/office-hirata.net\/hakajimai\/#website","url":"https:\/\/office-hirata.net\/hakajimai\/","name":"\u5893\u3058\u307e\u3044 \u5b89\u5fc3\u76f8\u8ac7\u30bb\u30f3\u30bf\u30fc","description":"\u884c\u653f\u66f8\u58eb\u306b\u3088\u308b\u5b89\u5fc3\u306a\u5893\u3058\u307e\u3044","publisher":{"@id":"https:\/\/office-hirata.net\/hakajimai\/#organization"},"potentialAction":[{"@type":"SearchAction","target":{"@type":"EntryPoint","urlTemplate":"https:\/\/office-hirata.net\/hakajimai\/?s={search_term_string}"},"query-input":{"@type":"PropertyValueSpecification","valueRequired":true,"valueName":"search_term_string"}}],"inLanguage":"ja"},{"@type":"Organization","@id":"https:\/\/office-hirata.net\/hakajimai\/#organization","name":"\u5893\u3058\u307e\u3044\u3000\u5b89\u5fc3\u76f8\u8ac7\u30bb\u30f3\u30bf\u30fc","url":"https:\/\/office-hirata.net\/hakajimai\/","logo":{"@type":"ImageObject","inLanguage":"ja","@id":"https:\/\/office-hirata.net\/hakajimai\/#\/schema\/logo\/image\/","url":"https:\/\/office-hirata.net\/hakajimai\/wp-content\/uploads\/2023\/01\/logo.png","contentUrl":"https:\/\/office-hirata.net\/hakajimai\/wp-content\/uploads\/2023\/01\/logo.png","width":291,"height":48,"caption":"\u5893\u3058\u307e\u3044\u3000\u5b89\u5fc3\u76f8\u8ac7\u30bb\u30f3\u30bf\u30fc"},"image":{"@id":"https:\/\/office-hirata.net\/hakajimai\/#\/schema\/logo\/image\/"},"sameAs":["https:\/\/www.facebook.com\/profile.php?id=100013330364728"]}]}},"acf":[],"_links":{"self":[{"href":"https:\/\/office-hirata.net\/hakajimai\/wp-json\/wp\/v2\/pages\/331","targetHints":{"allow":["GET"]}}],"collection":[{"href":"https:\/\/office-hirata.net\/hakajimai\/wp-json\/wp\/v2\/pages"}],"about":[{"href":"https:\/\/office-hirata.net\/hakajimai\/wp-json\/wp\/v2\/types\/page"}],"author":[{"embeddable":true,"href":"https:\/\/office-hirata.net\/hakajimai\/wp-json\/wp\/v2\/users\/1"}],"replies":[{"embeddable":true,"href":"https:\/\/office-hirata.net\/hakajimai\/wp-json\/wp\/v2\/comments?post=331"}],"version-history":[{"count":23,"href":"https:\/\/office-hirata.net\/hakajimai\/wp-json\/wp\/v2\/pages\/331\/revisions"}],"predecessor-version":[{"id":697,"href":"https:\/\/office-hirata.net\/hakajimai\/wp-json\/wp\/v2\/pages\/331\/revisions\/697"}],"wp:attachment":[{"href":"https:\/\/office-hirata.net\/hakajimai\/wp-json\/wp\/v2\/media?parent=331"}],"curies":[{"name":"wp","href":"https:\/\/api.w.org\/{rel}","templated":true}]}}